{"id":71416,"date":"2023-03-24T16:45:16","date_gmt":"2023-03-24T16:45:16","guid":{"rendered":"https:\/\/www.servicioecoambiente.com\/?page_id=71416"},"modified":"2023-05-25T22:09:36","modified_gmt":"2023-05-25T22:09:36","slug":"suministro-y-colocacion-de-green-block","status":"publish","type":"page","link":"https:\/\/www.servicioecoambiente.com\/?page_id=71416","title":{"rendered":"Suministro y colocaci\u00f3n de green block"},"content":{"rendered":"<p>[et_pb_section fb_built=\u00bb1&#8243; next_background_color=\u00bb#ffffff\u00bb _builder_version=\u00bb4.20.2&#8243; _module_preset=\u00bbdefault\u00bb background_color=\u00bb#f1f6ea\u00bb custom_padding=\u00bb||81px|||\u00bb bottom_divider_style=\u00bbarrow2&#8243; global_colors_info=\u00bb{}\u00bb][et_pb_row _builder_version=\u00bb4.20.2&#8243; _module_preset=\u00bbdefault\u00bb custom_margin=\u00bb85px|auto||auto||\u00bb global_colors_info=\u00bb{}\u00bb][et_pb_column type=\u00bb4_4&#8243; _builder_version=\u00bb4.20.2&#8243; _module_preset=\u00bbdefault\u00bb global_colors_info=\u00bb{}\u00bb][et_pb_text _builder_version=\u00bb4.20.2&#8243; _module_preset=\u00bbdefault\u00bb text_text_color=\u00bb#FFFFFF\u00bb header_2_font=\u00bbAbel|700|||||||\u00bb header_2_text_align=\u00bbcenter\u00bb header_2_text_color=\u00bb#009343&#8243; header_2_font_size=\u00bb45px\u00bb text_orientation=\u00bbcenter\u00bb background_layout=\u00bbdark\u00bb global_colors_info=\u00bb{}\u00bb]<\/p>\n<h2>Suministro y colocaci\u00f3n de green block<\/h2>\n<p>[\/et_pb_text][dipl_breadcrumb breadcrumb_layout=\u00bblayout2&#8243; separator_type=\u00bbicon_separator\u00bb use_home_link_custom_text=\u00bbon\u00bb home_link_text=\u00bbInicio\u00bb _builder_version=\u00bb4.20.2&#8243; _module_preset=\u00bbdefault\u00bb global_text_settings_text_align=\u00bbcenter\u00bb global_text_settings_font_size=\u00bb17px\u00bb text_font=\u00bbAbel||||||||\u00bb text_text_color=\u00bb#000000&#8243; global_colors_info=\u00bb{}\u00bb][\/dipl_breadcrumb][\/et_pb_column][\/et_pb_row][\/et_pb_section][et_pb_section fb_built=\u00bb1&#8243; _builder_version=\u00bb4.20.2&#8243; _module_preset=\u00bbdefault\u00bb global_colors_info=\u00bb{}\u00bb][et_pb_row _builder_version=\u00bb4.20.2&#8243; _module_preset=\u00bbdefault\u00bb global_colors_info=\u00bb{}\u00bb][et_pb_column type=\u00bb4_4&#8243; _builder_version=\u00bb4.20.2&#8243; _module_preset=\u00bbdefault\u00bb global_colors_info=\u00bb{}\u00bb][et_pb_text _builder_version=\u00bb4.21.0&#8243; _module_preset=\u00bbdefault\u00bb hover_enabled=\u00bb0&#8243; global_colors_info=\u00bb{}\u00bb text_orientation=\u00bbcenter\u00bb sticky_enabled=\u00bb0&#8243;]<\/p>\n<p>\u00abTransforma tus espacios exteriores con nuestro servicio de suministro y colocaci\u00f3n de Green Block. Ofrecemos una soluci\u00f3n innovadora y sostenible para la creaci\u00f3n de muros verdes y jardines verticales que cautivar\u00e1n la vista y brindar\u00e1n m\u00faltiples beneficios.<\/p>\n<p>Nuestro equipo de expertos se encargar\u00e1 de proporcionarte los Green Blocks, que son paneles prefabricados con espacios para plantas. Estos bloques est\u00e1n dise\u00f1ados para ser duraderos, resistentes y f\u00e1ciles de instalar. Utilizamos materiales de alta calidad que garantizan la estabilidad y el correcto crecimiento de las plantas en el muro verde.<\/p>\n<p>Al elegir nuestro servicio de suministro y colocaci\u00f3n de Green Block, podr\u00e1s disfrutar de los siguientes beneficios:<\/p>\n<p>Est\u00e9tica impresionante: Los muros verdes son una forma visualmente impactante de incorporar naturaleza en tus espacios. Los Green Blocks permiten crear dise\u00f1os personalizados y atractivos, a\u00f1adiendo belleza y frescura a cualquier entorno, ya sea en interiores o exteriores.<\/p>\n<p>Ahorro de espacio: Los muros verdes verticales son ideales para aprovechar el espacio en \u00e1reas reducidas. Con los Green Blocks, podr\u00e1s crear jardines en paredes que maximicen el uso del espacio disponible, especialmente en entornos urbanos donde el espacio es limitado.<\/p>\n<p>Mejora del aire interior: Las plantas de los muros verdes act\u00faan como filtros naturales al absorber gases nocivos y liberar ox\u00edgeno fresco. Esto contribuye a mejorar la calidad del aire interior, creando un ambiente m\u00e1s saludable y agradable para quienes lo disfrutan.<\/p>\n<p>Aislamiento ac\u00fastico y t\u00e9rmico: Los muros verdes ofrecen beneficios adicionales, como reducci\u00f3n del ruido y mejora del aislamiento t\u00e9rmico. Las plantas ayudan a absorber y atenuar el sonido, creando un ambiente m\u00e1s tranquilo. Adem\u00e1s, act\u00faan como barreras naturales que ayudan a regular la temperatura, lo que resulta en un entorno m\u00e1s fresco en verano y m\u00e1s c\u00e1lido en invierno.<\/p>\n<p>Nuestro equipo se encargar\u00e1 de todo el proceso, desde el suministro de los Green Blocks hasta la instalaci\u00f3n precisa y profesional en tu espacio. Trabajamos en estrecha colaboraci\u00f3n contigo para asegurarnos de que el dise\u00f1o y la ubicaci\u00f3n del muro verde se ajusten a tus preferencias y necesidades.<\/p>\n<p>Atr\u00e9vete a crear un impacto visual y ambiental con nuestros muros verdes de Green Block. Cont\u00e1ctanos hoy mismo para programar una consulta y explorar las infinitas posibilidades de este innovador sistema de jardiner\u00eda vertical. Estamos emocionados de ayudarte a transformar tus espacios con la belleza natural de los Green Blocks.\u00bb<\/p>\n<p>[\/et_pb_text][\/et_pb_column][\/et_pb_row][et_pb_row _builder_version=\u00bb4.20.2&#8243; _module_preset=\u00bbdefault\u00bb global_colors_info=\u00bb{}\u00bb][et_pb_column type=\u00bb4_4&#8243; _builder_version=\u00bb4.20.2&#8243; _module_preset=\u00bbdefault\u00bb global_colors_info=\u00bb{}\u00bb][et_pb_gallery gallery_ids=\u00bb71376&#8243; posts_number=\u00bb12&#8243; show_title_and_caption=\u00bboff\u00bb show_pagination=\u00bboff\u00bb zoom_icon_color=\u00bb#FFFFFF\u00bb hover_overlay_color=\u00bbrgba(124,218,36,0.52)\u00bb hover_icon=\u00bb&#xf00e;||fa||900&#8243; _builder_version=\u00bb4.21.0&#8243; _module_preset=\u00bbdefault\u00bb hover_enabled=\u00bb0&#8243; border_radii=\u00bbon|5px|5px|5px|5px\u00bb box_shadow_style_image=\u00bbpreset3&#8243; global_colors_info=\u00bb{}\u00bb sticky_enabled=\u00bb0&#8243;][\/et_pb_gallery][\/et_pb_column][\/et_pb_row][\/et_pb_section]<\/p>\n","protected":false},"excerpt":{"rendered":"<p>Suministro y colocaci\u00f3n de green block<div class=\"et_pb_module dipl_breadcrumb dipl_breadcrumb_0\">\n\t\t\t\t\n\t\t\t\t\n\t\t\t\t\n\t\t\t\t\n\t\t\t\t\n\t\t\t\t\n\t\t\t\t<div class=\"et_pb_module_inner\">\n\t\t\t\t\t<div class=\"dipl-breadcrumb-wrapper layout2\">\n\t\t\t\t<ol class=\"dipl-breadcrumb-inner\" vocab=\"https:\/\/schema.org\/\" typeof=\"BreadcrumbList\">\n\t\t\t\t\t<li property=\"itemListElement\" typeof=\"ListItem\" data-icon=\"&#x24;\">\n\t\t\t\t\t\t\t\t<a class=\"breadcrumb-item dipl-home-page\" href=\"https:\/\/www.servicioecoambiente.com\" property=\"item\" typeof=\"WebPage\" >\n\t\t\t\t\t\t\t\t\t<span class=\"breadcrumb-page\" property=\"name\">Inicio<\/span>\n\t\t\t\t\t\t\t\t<\/a>\n\t\t\t\t\t\t\t\t<meta property=\"position\" content=\"1\" \/>\n\t\t\t\t\t\t\t<\/li>\n\t\t\t\t<\/ol>\n\t\t\t<\/div>\n\t\t\t\t<\/div>\n\t\t\t<\/div>\u00abTransforma tus espacios exteriores con nuestro servicio de suministro y colocaci\u00f3n de Green Block. Ofrecemos una soluci\u00f3n innovadora y sostenible para la creaci\u00f3n de muros verdes y jardines verticales que cautivar\u00e1n la vista y brindar\u00e1n m\u00faltiples beneficios. Nuestro equipo [&hellip;]<\/p>\n","protected":false},"author":2,"featured_media":0,"parent":0,"menu_order":0,"comment_status":"closed","ping_status":"closed","template":"","meta":{"_et_pb_use_builder":"on","_et_pb_old_content":"<!-- wp:divi\/placeholder \/-->","_et_gb_content_width":"","footnotes":""},"class_list":["post-71416","page","type-page","status-publish","hentry"],"_links":{"self":[{"href":"https:\/\/www.servicioecoambiente.com\/index.php?rest_route=\/wp\/v2\/pages\/71416","targetHints":{"allow":["GET"]}}],"collection":[{"href":"https:\/\/www.servicioecoambiente.com\/index.php?rest_route=\/wp\/v2\/pages"}],"about":[{"href":"https:\/\/www.servicioecoambiente.com\/index.php?rest_route=\/wp\/v2\/types\/page"}],"author":[{"embeddable":true,"href":"https:\/\/www.servicioecoambiente.com\/index.php?rest_route=\/wp\/v2\/users\/2"}],"replies":[{"embeddable":true,"href":"https:\/\/www.servicioecoambiente.com\/index.php?rest_route=%2Fwp%2Fv2%2Fcomments&post=71416"}],"version-history":[{"count":5,"href":"https:\/\/www.servicioecoambiente.com\/index.php?rest_route=\/wp\/v2\/pages\/71416\/revisions"}],"predecessor-version":[{"id":71482,"href":"https:\/\/www.servicioecoambiente.com\/index.php?rest_route=\/wp\/v2\/pages\/71416\/revisions\/71482"}],"wp:attachment":[{"href":"https:\/\/www.servicioecoambiente.com\/index.php?rest_route=%2Fwp%2Fv2%2Fmedia&parent=71416"}],"curies":[{"name":"wp","href":"https:\/\/api.w.org\/{rel}","templated":true}]}}